{"id":3765,"date":"2022-11-17T14:48:21","date_gmt":"2022-11-17T13:48:21","guid":{"rendered":"https:\/\/jednostki.uksw.edu.pl\/inkubator\/konsultacje\/"},"modified":"2024-10-28T09:38:33","modified_gmt":"2024-10-28T08:38:33","slug":"konsultacje","status":"publish","type":"page","link":"https:\/\/inkubator.uksw.edu.pl\/konsultacje\/","title":{"rendered":"Konsultacje"},"content":{"rendered":"\n<p>Skorzystaj za darmo z profesjonalnych porad naszych Ekspert\u00f3w!<\/p>\n\n\n\n<p>Konsultacje biznesowe to us\u0142uga, kt\u00f3ra pozwala beneficjentom AIP skorzysta\u0107 z wiedzy i do\u015bwiadczenia ekspert\u00f3w z r\u00f3\u017cnych dziedzin, takich jak marketing, finanse, prawo, technologia, zarz\u0105dzanie i inne. <\/p>\n\n\n\n<p>Konsultacje biznesowe maj\u0105 na celu pom\u00f3c Wam w rozwi\u0105zywaniu problem\u00f3w, podejmowaniu decyzji, planowaniu strategii i realizowaniu cel\u00f3w biznesowych. Konsultacje biznesowe s\u0105 dost\u0119pne zar\u00f3wno dla os\u00f3b, kt\u00f3re dopiero zaczynaj\u0105 swoj\u0105 przygod\u0119 z przedsi\u0119biorczo\u015bci\u0105, jak i dla tych, kt\u00f3re ju\u017c prowadz\u0105 dzia\u0142alno\u015b\u0107 gospodarcz\u0105 i chc\u0105 j\u0105 rozwija\u0107.<\/p>\n\n\n\n<p>Proces konsultacji biznesowych wygl\u0105da nast\u0119puj\u0105co:<\/p>\n\n\n\n<ul class=\"wp-block-list\">\n<li>Zg\u0142oszenie: Student zg\u0142asza si\u0119 do AIP z pro\u015bb\u0105 o konsultacj\u0119 biznesow\u0105, wskazuj\u0105c obszar, w kt\u00f3rym potrzebuje pomocy (zg\u0142oszenia na maila: inkubator@uksw.edu.pl)<\/li>\n\n\n\n<li>Dob\u00f3r eksperta: AIP analizuje zg\u0142oszenie i dobiera odpowiedniego eksperta z bazy danych, kt\u00f3ry ma kompetencje i do\u015bwiadczenie w danym obszarze. AIP informuje beneficjenta o wyborze eksperta i ustala termin spotkania.<\/li>\n\n\n\n<li>Spotkanie: Student spotyka si\u0119 z ekspertem w siedzibie AIP lub online, w zale\u017cno\u015bci od preferencji. Spotkanie trwa zwykle od 30 do 60 minut. Podczas spotkania beneficjent przedstawia sw\u00f3j pomys\u0142 lub dzia\u0142alno\u015b\u0107, zadaje pytania, otrzymuje porady, sugestie i rekomendacje od eksperta. Ekspert mo\u017ce tak\u017ce zaproponowa\u0107 beneficjentowi dodatkowe materia\u0142y, narz\u0119dzia lub \u017ar\u00f3d\u0142a informacji, kt\u00f3re mog\u0105 by\u0107 przydatne.<\/li>\n<\/ul>\n\n\n\n<p>Konsultacje biznesowe to \u015bwietna okazja, aby skorzysta\u0107 z wiedzy i do\u015bwiadczenia ekspert\u00f3w, kt\u00f3rzy mog\u0105 pom\u00f3c w rozwoju pomys\u0142u lub dzia\u0142alno\u015bci. Konsultacje biznesowe to tak\u017ce spos\u00f3b na nawi\u0105zanie cennych kontakt\u00f3w i budowanie relacji z lud\u017ami, kt\u00f3rzy mog\u0105 by\u0107 potencjalnymi partnerami, klientami lub inwestorami. <\/p>\n\n\n\n<p><strong>To Tw\u00f3j krok w kierunku sukcesu!<\/strong><\/p>\n\n\n\n<p>Konsultacje biznesowe: inkubator@uksw.edu.pl<\/p>\n\n\n\n<figure class=\"wp-block-gallery has-nested-images columns-default is-cropped wp-block-gallery-1 is-layout-flex wp-block-gallery-is-layout-flex\">\n<figure class=\"wp-block-image size-large\"><img decoding=\"async\" width=\"1024\" height=\"768\" data-id=\"4149\" src=\"https:\/\/inkubator.uksw.edu.pl\/wp-content\/uploads\/sites\/33\/2023\/04\/Dzien-Otwarty-1024x768.jpg\" alt=\"\" class=\"wp-image-4149\" srcset=\"https:\/\/inkubator.uksw.edu.pl\/wp-content\/uploads\/sites\/33\/2023\/04\/Dzien-Otwarty-1024x768.jpg 1024w, https:\/\/inkubator.uksw.edu.pl\/wp-content\/uploads\/sites\/33\/2023\/04\/Dzien-Otwarty-300x225.jpg 300w, https:\/\/inkubator.uksw.edu.pl\/wp-content\/uploads\/sites\/33\/2023\/04\/Dzien-Otwarty-768x576.jpg 768w, https:\/\/inkubator.uksw.edu.pl\/wp-content\/uploads\/sites\/33\/2023\/04\/Dzien-Otwarty-1536x1152.jpg 1536w, https:\/\/inkubator.uksw.edu.pl\/wp-content\/uploads\/sites\/33\/2023\/04\/Dzien-Otwarty.jpg 1600w\" sizes=\"(max-width: 1024px) 100vw, 1024px\" \/><\/figure>\n\n\n\n<figure class=\"wp-block-image size-large\"><img decoding=\"async\" width=\"1024\" height=\"680\" data-id=\"4170\" src=\"https:\/\/inkubator.uksw.edu.pl\/wp-content\/uploads\/sites\/33\/2023\/05\/Zrzut-ekranu-2023-05-24-o-19.12.08-1024x680.png\" alt=\"\" class=\"wp-image-4170\" srcset=\"https:\/\/inkubator.uksw.edu.pl\/wp-content\/uploads\/sites\/33\/2023\/05\/Zrzut-ekranu-2023-05-24-o-19.12.08-1024x680.png 1024w, https:\/\/inkubator.uksw.edu.pl\/wp-content\/uploads\/sites\/33\/2023\/05\/Zrzut-ekranu-2023-05-24-o-19.12.08-300x199.png 300w, https:\/\/inkubator.uksw.edu.pl\/wp-content\/uploads\/sites\/33\/2023\/05\/Zrzut-ekranu-2023-05-24-o-19.12.08-768x510.png 768w, https:\/\/inkubator.uksw.edu.pl\/wp-content\/uploads\/sites\/33\/2023\/05\/Zrzut-ekranu-2023-05-24-o-19.12.08-251x168.png 251w, https:\/\/inkubator.uksw.edu.pl\/wp-content\/uploads\/sites\/33\/2023\/05\/Zrzut-ekranu-2023-05-24-o-19.12.08-343x229.png 343w, https:\/\/inkubator.uksw.edu.pl\/wp-content\/uploads\/sites\/33\/2023\/05\/Zrzut-ekranu-2023-05-24-o-19.12.08.png 1514w\" sizes=\"(max-width: 1024px) 100vw, 1024px\" \/><\/figure>\n\n\n\n<figure class=\"wp-block-image size-large\"><img decoding=\"async\" width=\"1024\" height=\"685\" data-id=\"4058\" src=\"https:\/\/inkubator.uksw.edu.pl\/wp-content\/uploads\/sites\/33\/2022\/12\/P1150020-1024x685.jpg\" alt=\"\" class=\"wp-image-4058\" srcset=\"https:\/\/inkubator.uksw.edu.pl\/wp-content\/uploads\/sites\/33\/2022\/12\/P1150020-1024x685.jpg 1024w, https:\/\/inkubator.uksw.edu.pl\/wp-content\/uploads\/sites\/33\/2022\/12\/P1150020-300x201.jpg 300w, https:\/\/inkubator.uksw.edu.pl\/wp-content\/uploads\/sites\/33\/2022\/12\/P1150020-768x513.jpg 768w, https:\/\/inkubator.uksw.edu.pl\/wp-content\/uploads\/sites\/33\/2022\/12\/P1150020-1536x1027.jpg 1536w, https:\/\/inkubator.uksw.edu.pl\/wp-content\/uploads\/sites\/33\/2022\/12\/P1150020-2048x1369.jpg 2048w, https:\/\/inkubator.uksw.edu.pl\/wp-content\/uploads\/sites\/33\/2022\/12\/P1150020-251x168.jpg 251w, https:\/\/inkubator.uksw.edu.pl\/wp-content\/uploads\/sites\/33\/2022\/12\/P1150020-343x229.jpg 343w, https:\/\/inkubator.uksw.edu.pl\/wp-content\/uploads\/sites\/33\/2022\/12\/P1150020-526x351.jpg 526w, https:\/\/inkubator.uksw.edu.pl\/wp-content\/uploads\/sites\/33\/2022\/12\/P1150020-423x283.jpg 423w, https:\/\/inkubator.uksw.edu.pl\/wp-content\/uploads\/sites\/33\/2022\/12\/P1150020-848x567.jpg 848w\" sizes=\"(max-width: 1024px) 100vw, 1024px\" \/><\/figure>\n<\/figure>\n","protected":false},"excerpt":{"rendered":"<p>Skorzystaj za darmo z profesjonalnych porad naszych Ekspert\u00f3w! Konsultacje biznesowe to us\u0142uga, kt\u00f3ra pozwala beneficjentom AIP skorzysta\u0107 z wiedzy i do\u015bwiadczenia ekspert\u00f3w z r\u00f3\u017cnych dziedzin, takich jak marketing, finanse, prawo, technologia, zarz\u0105dzanie i inne. Konsultacje biznesowe maj\u0105 na celu pom\u00f3c Wam w rozwi\u0105zywaniu problem\u00f3w, podejmowaniu decyzji, planowaniu strategii i realizowaniu cel\u00f3w biznesowych. Konsultacje biznesowe s\u0105 [&hellip;]<\/p>\n","protected":false},"author":1,"featured_media":4098,"parent":0,"menu_order":4,"comment_status":"closed","ping_status":"closed","template":"page-templates\/template-sub-page.php","meta":{"_acf_changed":false,"inline_featured_image":false,"footnotes":"","_links_to":"","_links_to_target":""},"class_list":["post-3765","page","type-page","status-publish","has-post-thumbnail","hentry"],"acf":[],"_links":{"self":[{"href":"https:\/\/inkubator.uksw.edu.pl\/pl\/wp-json\/wp\/v2\/pages\/3765","targetHints":{"allow":["GET"]}}],"collection":[{"href":"https:\/\/inkubator.uksw.edu.pl\/pl\/wp-json\/wp\/v2\/pages"}],"about":[{"href":"https:\/\/inkubator.uksw.edu.pl\/pl\/wp-json\/wp\/v2\/types\/page"}],"author":[{"embeddable":true,"href":"https:\/\/inkubator.uksw.edu.pl\/pl\/wp-json\/wp\/v2\/users\/1"}],"replies":[{"embeddable":true,"href":"https:\/\/inkubator.uksw.edu.pl\/pl\/wp-json\/wp\/v2\/comments?post=3765"}],"version-history":[{"count":16,"href":"https:\/\/inkubator.uksw.edu.pl\/pl\/wp-json\/wp\/v2\/pages\/3765\/revisions"}],"predecessor-version":[{"id":4265,"href":"https:\/\/inkubator.uksw.edu.pl\/pl\/wp-json\/wp\/v2\/pages\/3765\/revisions\/4265"}],"wp:featuredmedia":[{"embeddable":true,"href":"https:\/\/inkubator.uksw.edu.pl\/pl\/wp-json\/wp\/v2\/media\/4098"}],"wp:attachment":[{"href":"https:\/\/inkubator.uksw.edu.pl\/pl\/wp-json\/wp\/v2\/media?parent=3765"}],"curies":[{"name":"wp","href":"https:\/\/api.w.org\/{rel}","templated":true}]}}