{"id":4274,"date":"2024-10-30T14:51:07","date_gmt":"2024-10-30T13:51:07","guid":{"rendered":"https:\/\/inkubator.uksw.edu.pl\/?page_id=4274"},"modified":"2024-10-30T14:58:01","modified_gmt":"2024-10-30T13:58:01","slug":"wydzialowe-rady-biznesu","status":"publish","type":"page","link":"https:\/\/inkubator.uksw.edu.pl\/wydzialowe-rady-biznesu\/","title":{"rendered":"Wydzia\u0142owe Rady Biznesu"},"content":{"rendered":"\n<p>Na UKSW dzia\u0142a system Wydzia\u0142owych Rad Biznesu. Zgodnie z Zarz\u0105dzeniem Nr 54\/2022 Rektora Uniwersytetu Kardyna\u0142a Stefana Wyszy\u0144skiego w Warszawie z dnia 29 czerwca 2022 r. w sprawie Wewn\u0119trznego Systemu Zapewniania Jako\u015bci Kszta\u0142cenia i jego doskonalenia na Uniwersytecie Kardyna\u0142a Stefana Wyszy\u0144skiego w Warszawie.<\/p>\n\n\n\n<p>Podstawowym podmiotem realizuj\u0105cym cele, o kt\u00f3rych mowa w ust. 1 jest Wydzia\u0142owa Rada Biznesu, zwana dalej \u201eWRB\u201d. WRB jest cia\u0142em doradczym dla wsp\u00f3lnoty UKSW w zakresie pog\u0142\u0119biania wiedzy o potrzebach rynku i przedsi\u0119biorczo\u015bci i nie podejmuje rozstrzygni\u0119\u0107.<\/p>\n\n\n\n<p>Do zada\u0144 WRB nale\u017cy w szczeg\u00f3lno\u015bci:<\/p>\n\n\n\n<ul class=\"wp-block-list\">\n<li>konsultowanie wydzia\u0142owych dokument\u00f3w programowych, w szczeg\u00f3lno\u015bci misji<br>i strategii wydzia\u0142u;<\/li>\n\n\n\n<li>konsultowanie projekt\u00f3w program\u00f3w studi\u00f3w, w szczeg\u00f3lno\u015bci w zakresie tworzenia nowych program\u00f3w, a tak\u017ce zmian w programach studi\u00f3w;<\/li>\n\n\n\n<li>przedk\u0142adanie propozycji dotycz\u0105cych dostosowania oferty dydaktycznej Uniwersytetu do aktualnych potrzeb rynku;<\/li>\n\n\n\n<li>konsultowanie bada\u0144 prowadzonych w Instytucie, na podstawie dokument\u00f3w przedk\u0142adanych przez dyrektora Instytutu;<\/li>\n\n\n\n<li>w\u0142\u0105czanie si\u0119 w organizacj\u0119 wydarze\u0144 na UKSW, w szczeg\u00f3lno\u015bci dotycz\u0105cych rynku pracy i przedsi\u0119biorczo\u015bci;<\/li>\n\n\n\n<li>wspieranie wsp\u00f3lnoty UKSW w pozyskiwaniu nowych partner\u00f3w i kontakt\u00f3w z otoczenia spo\u0142eczno-gospodarczego;<\/li>\n\n\n\n<li>wsp\u00f3\u0142praca z UKJK, SKD, WKJK oraz WKD, poprzez udzia\u0142 w pracach tych komisji przedstawicieli otoczenia spo\u0142eczno-gospodarczego z g\u0142osem doradczym;<\/li>\n\n\n\n<li>wsp\u00f3\u0142praca z Biurem Karier UKSW oraz Centrum Wspierania Przedsi\u0119biorczo\u015bci Akademickiej UKSW \u2013 Akademicki Inkubator Przedsi\u0119biorczo\u015bci.<\/li>\n<\/ul>\n\n\n\n<p> Aktualne dane kontaktowe do poszczeg\u00f3lnych Wydzia\u0142owych Rad Biznesu:<\/p>\n\n\n\n<p>Wydzia\u0142 Matematyczno-Przyrodniczy:<\/p>\n\n\n\n<p><a href=\"https:\/\/wmp.uksw.edu.pl\/wydzial\/komisje-i-rady-wydzialowe\/wydzialowa-rada-biznesu\/\">https:\/\/wmp.uksw.edu.pl\/wydzial\/komisje-i-rady-wydzialowe\/wydzialowa-rada-biznesu\/<\/a><\/p>\n\n\n\n<p>Wydzia\u0142&nbsp;Wydzia\u0142u Biologii i Nauk o \u015arodowisku:<\/p>\n\n\n\n<p><a href=\"https:\/\/wbns.uksw.edu.pl\/wydzial\/wspolpraca\/wydzialowa-rada-biznesu\/\">https:\/\/wbns.uksw.edu.pl\/wydzial\/wspolpraca\/wydzialowa-rada-biznesu\/<\/a><\/p>\n\n\n\n<p>Wydzia\u0142 Studi\u00f3w nad Rodzin\u0105:<\/p>\n\n\n\n<p><a href=\"https:\/\/wsr.uksw.edu.pl\/wydzial\/komisje-i-rady-wydzialowe\/wydzialowa-rada-biznesu\/\">https:\/\/wsr.uksw.edu.pl\/wydzial\/komisje-i-rady-wydzialowe\/wydzialowa-rada-biznesu\/<\/a><\/p>\n\n\n\n<p>Wydzia\u0142 Spo\u0142eczno-Ekonomiczny:<\/p>\n\n\n\n<p><a href=\"https:\/\/wse.uksw.edu.pl\/wydzial\/komisje-i-rady-wydzialowe\/\">https:\/\/wse.uksw.edu.pl\/wydzial\/komisje-i-rady-wydzialowe\/<\/a><\/p>\n\n\n\n<p>Wydzia\u0142 Nauk Historycznych:<\/p>\n\n\n\n<p><a href=\"https:\/\/wnhs.uksw.edu.pl\/wydzial\/komisje-i-rady-wydzialowe\/\">https:\/\/wnhs.uksw.edu.pl\/wydzial\/komisje-i-rady-wydzialowe\/<\/a><\/p>\n\n\n\n<p>Wydzia\u0142 Nauk Pedagogicznych:<\/p>\n\n\n\n<p><a href=\"https:\/\/wnp.uksw.edu.pl\/wydzial\/komisje-i-rady-wydzialowe\/\">https:\/\/wnp.uksw.edu.pl\/wydzial\/komisje-i-rady-wydzialowe\/<\/a><\/p>\n\n\n\n<p>Wydzia\u0142 Prawa Kanonicznego:<\/p>\n\n\n\n<p><a href=\"https:\/\/wpk.uksw.edu.pl\/wydzial\/komisje-i-rady-wydzialowe\/\">https:\/\/wpk.uksw.edu.pl\/wydzial\/komisje-i-rady-wydzialowe\/<\/a><\/p>\n\n\n\n<p>Wydzia\u0142 Filozofii Chrze\u015bcija\u0144skiej:<\/p>\n\n\n\n<p><a href=\"https:\/\/wfch.uksw.edu.pl\/wydzial\/komisje-i-rady-wydzialowe\/\">https:\/\/wfch.uksw.edu.pl\/wydzial\/komisje-i-rady-wydzialowe\/<\/a><\/p>\n\n\n\n<figure class=\"wp-block-gallery has-nested-images columns-default is-cropped wp-block-gallery-1 is-layout-flex wp-block-gallery-is-layout-flex\"><\/figure>\n","protected":false},"excerpt":{"rendered":"<p>Na UKSW dzia\u0142a system Wydzia\u0142owych Rad Biznesu. Zgodnie z Zarz\u0105dzeniem Nr 54\/2022 Rektora Uniwersytetu Kardyna\u0142a Stefana Wyszy\u0144skiego w Warszawie z dnia 29 czerwca 2022 r. w sprawie Wewn\u0119trznego Systemu Zapewniania Jako\u015bci Kszta\u0142cenia i jego doskonalenia na Uniwersytecie Kardyna\u0142a Stefana Wyszy\u0144skiego w Warszawie. Podstawowym podmiotem realizuj\u0105cym cele, o kt\u00f3rych mowa w ust. 1 jest Wydzia\u0142owa Rada [&hellip;]<\/p>\n","protected":false},"author":40,"featured_media":4059,"parent":0,"menu_order":3,"comment_status":"closed","ping_status":"closed","template":"page-templates\/template-sub-page.php","meta":{"_acf_changed":false,"inline_featured_image":false,"footnotes":"","_links_to":"","_links_to_target":""},"class_list":["post-4274","page","type-page","status-publish","has-post-thumbnail","hentry"],"acf":[],"_links":{"self":[{"href":"https:\/\/inkubator.uksw.edu.pl\/pl\/wp-json\/wp\/v2\/pages\/4274","targetHints":{"allow":["GET"]}}],"collection":[{"href":"https:\/\/inkubator.uksw.edu.pl\/pl\/wp-json\/wp\/v2\/pages"}],"about":[{"href":"https:\/\/inkubator.uksw.edu.pl\/pl\/wp-json\/wp\/v2\/types\/page"}],"author":[{"embeddable":true,"href":"https:\/\/inkubator.uksw.edu.pl\/pl\/wp-json\/wp\/v2\/users\/40"}],"replies":[{"embeddable":true,"href":"https:\/\/inkubator.uksw.edu.pl\/pl\/wp-json\/wp\/v2\/comments?post=4274"}],"version-history":[{"count":2,"href":"https:\/\/inkubator.uksw.edu.pl\/pl\/wp-json\/wp\/v2\/pages\/4274\/revisions"}],"predecessor-version":[{"id":4278,"href":"https:\/\/inkubator.uksw.edu.pl\/pl\/wp-json\/wp\/v2\/pages\/4274\/revisions\/4278"}],"wp:featuredmedia":[{"embeddable":true,"href":"https:\/\/inkubator.uksw.edu.pl\/pl\/wp-json\/wp\/v2\/media\/4059"}],"wp:attachment":[{"href":"https:\/\/inkubator.uksw.edu.pl\/pl\/wp-json\/wp\/v2\/media?parent=4274"}],"curies":[{"name":"wp","href":"https:\/\/api.w.org\/{rel}","templated":true}]}}